{"id":123,"date":"2017-02-26T09:25:08","date_gmt":"2017-02-26T09:25:08","guid":{"rendered":"http:\/\/unikateria-schongau.de\/?page_id=123"},"modified":"2017-08-25T14:13:40","modified_gmt":"2017-08-25T14:13:40","slug":"mietflaechen-und-infos","status":"publish","type":"page","link":"https:\/\/unikateria-schongau.de\/?page_id=123","title":{"rendered":"Mietfl\u00e4chen"},"content":{"rendered":"<p>Du bist kreativ und m\u00f6chtest Deine selbst hergestellten Produkte bei uns pr\u00e4sentieren?<\/p>\n<ul>\n<li>Deine Produkte sind von Hand gefertigt?<\/li>\n<li>Du stellst ausschlie\u00dflich Unikate oder Kleinserien her?<\/li>\n<li>Du m\u00f6chtest f\u00fcr mindestens 2 Monate Fl\u00e4che mieten? \u00a0 \u00a0 \u00a0 \u00a0 \u00a0 \u00a0 \u00a0 \u00a0 \u00a0 \u00a0 \u00a0 \u00a0 \u00a0 \u00a0 \u00a0 \u00a0 \u00a0 \u00a0 \u00a0 \u00a0 \u00a0 \u00a0 \u00a0 \u00a0 \u00a0 \u00a0 \u00a0 \u00a0 \u00a0 \u00a0 \u00a0 \u00a0 \u00a0 \u00a0 \u00a0 \u00a0 \u00a0 \u00a0 \u00a0 \u00a0 \u00a0 \u00a0 \u00a0 \u00a0 \u00a0 \u00a0 \u00a0 \u00a0 \u00a0 \u00a0 \u00a0 \u00a0 \u00a0 \u00a0 \u00a0 \u00a0 \u00a0 \u00a0 \u00a0 \u00a0 \u00a0 \u00a0 \u00a0 \u00a0 \u00a0 \u00a0 \u00a0 \u00a0 \u00a0 \u00a0 \u00a0 \u00a0 \u00a0 \u00a0 \u00a0 \u00a0 \u00a0 \u00a0 \u00a0 \u00a0 \u00a0 \u00a0 \u00a0 \u00a0 \u00a0 \u00a0 \u00a0 \u00a0 \u00a0 \u00a0 \u00a0 \u00a0 \u00a0 \u00a0 \u00a0 \u00a0 \u00a0 \u00a0 \u00a0 \u00a0 \u00a0 \u00a0 \u00a0 \u00a0 \u00a0 \u00a0 \u00a0 \u00a0 \u00a0 \u00a0 \u00a0 \u00a0 \u00a0\u00a0Perfekt, dann passt Du hervorragend in die Unikateria! Setz Dich mit uns in Verbindung, wir finden bestimmt einen Platz wo Deine &#8222;Schmuckst\u00fccke&#8220; wundersch\u00f6n zur Geltung kommen!UND SO FUNKTIONIERT&#8217;S: \u00a0 \u00a0 \u00a0 \u00a0 \u00a0 \u00a0 \u00a0 \u00a0 \u00a0 \u00a0 \u00a0 \u00a0 \u00a0 \u00a0 \u00a0 \u00a0 \u00a0 \u00a0 \u00a0 \u00a0 \u00a0 \u00a0 \u00a0 \u00a0 \u00a0 \u00a0 \u00a0 \u00a0 \u00a0 \u00a0 \u00a0 \u00a0 \u00a0 \u00a0 \u00a0 \u00a0 \u00a0 \u00a0 \u00a0 \u00a0 \u00a0 \u00a0 \u00a0 \u00a0 \u00a0 \u00a0 \u00a0 \u00a0 \u00a0 \u00a0 \u00a0 \u00a0 \u00a0 \u00a0 \u00a0 \u00a0 \u00a0 \u00a0 \u00a0 \u00a0 \u00a0 \u00a0 \u00a0 \u00a0 \u00a0 \u00a0 \u00a0 \u00a0 \u00a0 \u00a0 \u00a0 \u00a0 \u00a0 \u00a0 \u00a0 \u00a0 \u00a0 \u00a0 \u00a0 \u00a0 \u00a0 \u00a0 \u00a0 \u00a0 \u00a0 \u00a0 \u00a0 \u00a0 \u00a0 \u00a0 \u00a0 \u00a0 \u00a0 \u00a0 \u00a0 \u00a0 \u00a0 \u00a0 \u00a0 \u00a0 \u00a0 \u00a0 \u00a0 \u00a0 \u00a0 \u00a0 \u00a0 \u00a0 \u00a0 \u00a0 \u00a0 \u00a0 \u00a0 \u00a0 \u00a0 \u00a0 \u00a0 \u00a0 \u00a0 \u00a0 \u00a0 \u00a0 \u00a0 \u00a0 \u00a0 \u00a0 \u00a0 \u00a0 \u00a0 \u00a0 \u00a0 \u00a0 \u00a0 \u00a0 \u00a0 \u00a0 \u00a0 \u00a0\u00a0Jeder kann ein Fach anmieten, ob privat oder als Gewerbetreibender.<br \/>\nDein Fach kannst du mit deinen eigenen Produkten ausstatten<br \/>\nund dekorieren.<br \/>\nBesuche uns im Laden und zeig uns, was du gern bei uns ausstellen<br \/>\nm\u00f6chtest oder schicke eine E-Mail mit Fotos und Beschreibung,<br \/>\nwenn du weiter weg wohnst.<\/li>\n<\/ul>\n<p>Unsere Mietfl\u00e4chen:<\/p>\n<table>\n<tbody>\n<tr>\n<td>\u00a0Fach<\/td>\n<td>18,00 \u20ac<\/td>\n<td>pro Monat<\/td>\n<td>40 x 28 x 28 cm<\/td>\n<\/tr>\n<tr>\n<td>\u00a0Fach<\/td>\n<td>25,00 \u20ac<\/td>\n<td>pro Monat<\/td>\n<td>80 x 28 x 28 cm<\/td>\n<\/tr>\n<tr>\n<td>\u00a0Kleiderb\u00fcgel<\/td>\n<td>\u00a0 2,00 \u20ac<\/td>\n<td>pro Monat<\/td>\n<td>Standard<\/td>\n<\/tr>\n<tr>\n<td>\u00a0Kleiderstange<\/td>\n<td>auf Anfrage<\/td>\n<td>pro Monat<\/td>\n<td>100 cm<\/td>\n<\/tr>\n<tr>\n<td>\u00a0Wandfl\u00e4che<\/td>\n<td>18,00 \u20ac<\/td>\n<td>pro Monat<\/td>\n<td>50 cm<\/td>\n<\/tr>\n<tr>\n<td>\u00a0Wandfl\u00e4che<\/td>\n<td>25,00 \u20ac<\/td>\n<td>pro Monat<\/td>\n<td>100 cm<\/td>\n<\/tr>\n<tr>\n<td>Kiste<\/td>\n<td>18,00 \u20ac<\/td>\n<td>pro Monat<\/td>\n<td>40 x 40 x40 cm<\/td>\n<\/tr>\n<tr>\n<td>Postkartenst\u00e4nder<\/td>\n<td>\u00a0 5,00 \u20ac<\/td>\n<td>pro Monat<\/td>\n<td>1 Seite = 8 F\u00e4cher<\/td>\n<\/tr>\n<\/tbody>\n<thead>\n<tr>\n<td><strong>Verkaufsfl\u00e4che<\/strong><\/td>\n<td><strong>Miete<\/strong><\/td>\n<td><strong>Einheit<\/strong><\/td>\n<td><strong>Gr\u00f6\u00dfe\u00a0<\/strong><strong>(BxHxT)<\/strong><\/td>\n<\/tr>\n<\/thead>\n<\/table>\n<p>Weitere Fl\u00e4chen nach Vereinbarung!<\/p>\n<p>&nbsp;<\/p>\n<p>DIE N\u00c4CHSTEN SCHRITTE:<\/p>\n<p>\u2219 Deine Produkte passen in die Unikateria und wir haben Platz f\u00fcr Deine Produkte&#8230; Dann bekommst Du von uns unseren Vertrag und Deine Kunden ID.<br \/>\n\u2219 Ebenfalls erh\u00e4ltst Du von uns eine Lieferliste, in der Du deine Artikel eintr\u00e4gst, die Du bei uns verkaufen m\u00f6chtest.<br \/>\n\u2219 Deine Artikel kennzeichnest Du mit der Kunden ID, einer fortlaufenden Artikelnummer (beginne bitte immer bei 1) und dem Brutto-Preis.<br \/>\nHast du mehrere gleiche Artikel mit gleichem Preis (zum Beispiel: 10 Paar Ohrstecker), dann kannst du<br \/>\nallen eine Artikel-Nr. geben.<br \/>\n\u2219 Schicke uns Vertrag und Liste ausgef\u00fcllt bzw. unterschrieben zur\u00fcck oder bringe es vorbei.<br \/>\n\u2219 Best\u00fccke deine Fl\u00e4che mit deinen Sch\u00e4tzen oder schicke uns die Sachen zu, wenn du weiter weg wohnst (wir schicken Dir dann ein Foto von &#8222;Deinem&#8220; Fach)<br \/>\n\u2219 Erz\u00e4hl all deinen Freunden und Bekannten davon.<\/p>\n","protected":false},"excerpt":{"rendered":"<p class=\"excerpt\">Du bist kreativ und m\u00f6chtest Deine selbst hergestellten Produkte bei uns pr\u00e4sentieren? Deine Produkte sind von Hand gefertigt? Du stellst ausschlie\u00dflich Unikate oder Kleinserien her? Du m\u00f6chtest f\u00fcr mindestens 2 Monate Fl\u00e4che mieten? \u00a0 \u00a0 \u00a0 \u00a0 \u00a0 \u00a0 \u00a0 \u00a0 \u00a0 \u00a0 \u00a0 \u00a0 \u00a0 \u00a0 \u00a0 \u00a0 \u00a0 \u00a0 \u00a0 \u00a0 \u00a0 \u00a0 \u00a0 \u00a0 \u00a0 \u00a0 \u00a0&hellip; <a href=\"https:\/\/unikateria-schongau.de\/?page_id=123\">Read more &rarr;<\/a><\/p>\n","protected":false},"author":1,"featured_media":108,"parent":0,"menu_order":0,"comment_status":"closed","ping_status":"closed","template":"","meta":{"jetpack_post_was_ever_published":false,"footnotes":""},"class_list":["post-123","page","type-page","status-publish","has-post-thumbnail","hentry","xfolkentry"],"jetpack_sharing_enabled":true,"jetpack_shortlink":"https:\/\/wp.me\/P8uMLa-1Z","_links":{"self":[{"href":"https:\/\/unikateria-schongau.de\/index.php?rest_route=\/wp\/v2\/pages\/123","targetHints":{"allow":["GET"]}}],"collection":[{"href":"https:\/\/unikateria-schongau.de\/index.php?rest_route=\/wp\/v2\/pages"}],"about":[{"href":"https:\/\/unikateria-schongau.de\/index.php?rest_route=\/wp\/v2\/types\/page"}],"author":[{"embeddable":true,"href":"https:\/\/unikateria-schongau.de\/index.php?rest_route=\/wp\/v2\/users\/1"}],"replies":[{"embeddable":true,"href":"https:\/\/unikateria-schongau.de\/index.php?rest_route=%2Fwp%2Fv2%2Fcomments&post=123"}],"version-history":[{"count":7,"href":"https:\/\/unikateria-schongau.de\/index.php?rest_route=\/wp\/v2\/pages\/123\/revisions"}],"predecessor-version":[{"id":362,"href":"https:\/\/unikateria-schongau.de\/index.php?rest_route=\/wp\/v2\/pages\/123\/revisions\/362"}],"wp:featuredmedia":[{"embeddable":true,"href":"https:\/\/unikateria-schongau.de\/index.php?rest_route=\/wp\/v2\/media\/108"}],"wp:attachment":[{"href":"https:\/\/unikateria-schongau.de\/index.php?rest_route=%2Fwp%2Fv2%2Fmedia&parent=123"}],"curies":[{"name":"wp","href":"https:\/\/api.w.org\/{rel}","templated":true}]}}