{"id":1101,"date":"2021-01-12T09:26:10","date_gmt":"2021-01-12T09:26:10","guid":{"rendered":"http:\/\/unikateria-schongau.de\/?post_type=product&#038;p=1101"},"modified":"2021-01-12T09:26:10","modified_gmt":"2021-01-12T09:26:10","slug":"walkmantel","status":"publish","type":"product","link":"https:\/\/unikateria-schongau.de\/?product=walkmantel","title":{"rendered":"Walkmantel"},"content":{"rendered":"<p>Glockenf\u00f6rmiger Mantel aus Wollwalk mit warmen Alpenfleece gef\u00fcttert. Gr\u00f6\u00dfe 86\/92 !Handw\u00e4sche! 68 Euro Versand m\u00f6glich!<\/p>\n","protected":false},"excerpt":{"rendered":"<p class=\"excerpt\">Glockenf\u00f6rmiger Mantel aus Wollwalk mit warmen Alpenfleece gef\u00fcttert. Gr\u00f6\u00dfe 86\/92 !Handw\u00e4sche! 68 Euro Versand m\u00f6glich! <a href=\"https:\/\/unikateria-schongau.de\/?product=walkmantel\">Read more &rarr;<\/a><\/p>\n","protected":false},"featured_media":1102,"comment_status":"open","ping_status":"closed","template":"","meta":{"jetpack_post_was_ever_published":false,"jetpack_publicize_message":"","jetpack_publicize_feature_enabled":true,"jetpack_social_post_already_shared":true,"jetpack_social_options":{"image_generator_settings":{"template":"highway","default_image_id":0,"font":"","enabled":false},"version":2}},"product_brand":[],"product_cat":[100],"product_tag":[],"class_list":{"0":"post-1101","1":"product","2":"type-product","3":"status-publish","4":"has-post-thumbnail","6":"product_cat-mantel","7":"xfolkentry","9":"first","10":"instock","11":"taxable","12":"shipping-taxable","13":"purchasable","14":"product-type-simple"},"jetpack_publicize_connections":[],"jetpack_sharing_enabled":true,"_links":{"self":[{"href":"https:\/\/unikateria-schongau.de\/index.php?rest_route=\/wp\/v2\/product\/1101","targetHints":{"allow":["GET"]}}],"collection":[{"href":"https:\/\/unikateria-schongau.de\/index.php?rest_route=\/wp\/v2\/product"}],"about":[{"href":"https:\/\/unikateria-schongau.de\/index.php?rest_route=\/wp\/v2\/types\/product"}],"replies":[{"embeddable":true,"href":"https:\/\/unikateria-schongau.de\/index.php?rest_route=%2Fwp%2Fv2%2Fcomments&post=1101"}],"wp:featuredmedia":[{"embeddable":true,"href":"https:\/\/unikateria-schongau.de\/index.php?rest_route=\/wp\/v2\/media\/1102"}],"wp:attachment":[{"href":"https:\/\/unikateria-schongau.de\/index.php?rest_route=%2Fwp%2Fv2%2Fmedia&parent=1101"}],"wp:term":[{"taxonomy":"product_brand","embeddable":true,"href":"https:\/\/unikateria-schongau.de\/index.php?rest_route=%2Fwp%2Fv2%2Fproduct_brand&post=1101"},{"taxonomy":"product_cat","embeddable":true,"href":"https:\/\/unikateria-schongau.de\/index.php?rest_route=%2Fwp%2Fv2%2Fproduct_cat&post=1101"},{"taxonomy":"product_tag","embeddable":true,"href":"https:\/\/unikateria-schongau.de\/index.php?rest_route=%2Fwp%2Fv2%2Fproduct_tag&post=1101"}],"curies":[{"name":"wp","href":"https:\/\/api.w.org\/{rel}","templated":true}]}}