{"id":339,"date":"2017-05-26T14:18:55","date_gmt":"2017-05-26T14:18:55","guid":{"rendered":"http:\/\/unikateria-schongau.de\/?post_type=product&#038;p=339"},"modified":"2017-06-02T12:44:56","modified_gmt":"2017-06-02T12:44:56","slug":"kleinserie-himbeermuetze-2","status":"publish","type":"product","link":"https:\/\/unikateria-schongau.de\/?product=kleinserie-himbeermuetze-2","title":{"rendered":"Kleinserie Erdbeerm\u00fctze"},"content":{"rendered":"<p>S\u00fcsse Erdbeerm\u00fctzen Kleinserie, ein absoluter Hingucker \ud83d\ude42<\/p>\n<p>Die M\u00fctzen gibt es je 1x in drei verschiedenen Gr\u00f6\u00dfen.<\/p>\n<ul>\n<li>Mini Baby Erdbeere Kopfumfang ca. 38 &#8211; 44 cm<\/li>\n<li>Baby Erdbeere Kopfumfang ca. 40 &#8211; 46 cm<\/li>\n<li>Erdbeere Kopfumfang ca. 47 &#8211; 53 cm<\/li>\n<\/ul>\n<p>Alle M\u00fctzen sind weich und angenehm zu tragen und aus 100 % Baumwolle.<\/p>\n<p>30\u00b0 W\u00e4sche<\/p>\n<p><img loading=\"lazy\" decoding=\"async\" class=\"alignnone size-medium wp-image-340\" src=\"https:\/\/unikateria-schongau.de\/wp-content\/uploads\/2017\/05\/624-300x123.jpg\" alt=\"\" height=\"123\" width=\"300\" srcset=\"https:\/\/unikateria-schongau.de\/wp-content\/uploads\/2017\/05\/624-300x123.jpg 300w, https:\/\/unikateria-schongau.de\/wp-content\/uploads\/2017\/05\/624-600x247.jpg 600w, https:\/\/unikateria-schongau.de\/wp-content\/uploads\/2017\/05\/624-768x316.jpg 768w, https:\/\/unikateria-schongau.de\/wp-content\/uploads\/2017\/05\/624-1024x421.jpg 1024w, https:\/\/unikateria-schongau.de\/wp-content\/uploads\/2017\/05\/624.jpg 2048w\" sizes=\"auto, (max-width: 300px) 100vw, 300px\" \/>&nbsp; <img loading=\"lazy\" decoding=\"async\" class=\"alignnone size-medium wp-image-341\" src=\"https:\/\/unikateria-schongau.de\/wp-content\/uploads\/2017\/05\/625-1-241x300.jpg\" alt=\"\" height=\"300\" width=\"241\" srcset=\"https:\/\/unikateria-schongau.de\/wp-content\/uploads\/2017\/05\/625-1-241x300.jpg 241w, https:\/\/unikateria-schongau.de\/wp-content\/uploads\/2017\/05\/625-1-600x747.jpg 600w, https:\/\/unikateria-schongau.de\/wp-content\/uploads\/2017\/05\/625-1-768x956.jpg 768w, https:\/\/unikateria-schongau.de\/wp-content\/uploads\/2017\/05\/625-1-823x1024.jpg 823w, https:\/\/unikateria-schongau.de\/wp-content\/uploads\/2017\/05\/625-1.jpg 1645w\" sizes=\"auto, (max-width: 241px) 100vw, 241px\" \/><\/p>\n","protected":false},"excerpt":{"rendered":"<p class=\"excerpt\">\n<ul>\n<li>Erdbeerm\u00fctze<\/li>\n<li>100 % Baumwolle<\/li>\n<li>waschbar bei 30\u00b0<\/li>\n<\/ul>\n<p><img loading=\"lazy\" decoding=\"async\" class=\"alignnone size-medium wp-image-342\" src=\"https:\/\/unikateria-schongau.de\/wp-content\/uploads\/2017\/05\/626-1-300x105.jpg\" alt=\"\" height=\"105\" width=\"300\" srcset=\"https:\/\/unikateria-schongau.de\/wp-content\/uploads\/2017\/05\/626-1-300x105.jpg 300w, https:\/\/unikateria-schongau.de\/wp-content\/uploads\/2017\/05\/626-1-600x211.jpg 600w, https:\/\/unikateria-schongau.de\/wp-content\/uploads\/2017\/05\/626-1-768x270.jpg 768w, https:\/\/unikateria-schongau.de\/wp-content\/uploads\/2017\/05\/626-1-1024x360.jpg 1024w, https:\/\/unikateria-schongau.de\/wp-content\/uploads\/2017\/05\/626-1.jpg 2048w\" sizes=\"auto, (max-width: 300px) 100vw, 300px\" \/> <a href=\"https:\/\/unikateria-schongau.de\/?product=kleinserie-himbeermuetze-2\">Read more &rarr;<\/a><\/p>\n","protected":false},"featured_media":337,"comment_status":"open","ping_status":"closed","template":"","meta":{"jetpack_publicize_message":"","jetpack_publicize_feature_enabled":true,"jetpack_social_post_already_shared":true,"jetpack_social_options":{"image_generator_settings":{"template":"highway","default_image_id":0,"font":"","enabled":false},"version":2}},"product_brand":[],"product_cat":[21],"product_tag":[48],"class_list":{"0":"post-339","1":"product","2":"type-product","3":"status-publish","4":"has-post-thumbnail","6":"product_cat-muetzen-2","7":"product_tag-erdbeere","8":"product_shipping_class-kleines","9":"xfolkentry","11":"first","12":"instock","13":"taxable","14":"shipping-taxable","15":"purchasable","16":"product-type-simple"},"jetpack_publicize_connections":[],"jetpack_sharing_enabled":true,"_links":{"self":[{"href":"https:\/\/unikateria-schongau.de\/index.php?rest_route=\/wp\/v2\/product\/339","targetHints":{"allow":["GET"]}}],"collection":[{"href":"https:\/\/unikateria-schongau.de\/index.php?rest_route=\/wp\/v2\/product"}],"about":[{"href":"https:\/\/unikateria-schongau.de\/index.php?rest_route=\/wp\/v2\/types\/product"}],"replies":[{"embeddable":true,"href":"https:\/\/unikateria-schongau.de\/index.php?rest_route=%2Fwp%2Fv2%2Fcomments&post=339"}],"wp:featuredmedia":[{"embeddable":true,"href":"https:\/\/unikateria-schongau.de\/index.php?rest_route=\/wp\/v2\/media\/337"}],"wp:attachment":[{"href":"https:\/\/unikateria-schongau.de\/index.php?rest_route=%2Fwp%2Fv2%2Fmedia&parent=339"}],"wp:term":[{"taxonomy":"product_brand","embeddable":true,"href":"https:\/\/unikateria-schongau.de\/index.php?rest_route=%2Fwp%2Fv2%2Fproduct_brand&post=339"},{"taxonomy":"product_cat","embeddable":true,"href":"https:\/\/unikateria-schongau.de\/index.php?rest_route=%2Fwp%2Fv2%2Fproduct_cat&post=339"},{"taxonomy":"product_tag","embeddable":true,"href":"https:\/\/unikateria-schongau.de\/index.php?rest_route=%2Fwp%2Fv2%2Fproduct_tag&post=339"}],"curies":[{"name":"wp","href":"https:\/\/api.w.org\/{rel}","templated":true}]}}