{"id":929,"date":"2020-04-15T12:49:41","date_gmt":"2020-04-15T12:49:41","guid":{"rendered":"http:\/\/unikateria-schongau.de\/?post_type=product&#038;p=929"},"modified":"2025-07-14T08:47:13","modified_gmt":"2025-07-14T08:47:13","slug":"erdbeerset-bestehend-aus-muetze-und-schuehchen","status":"publish","type":"product","link":"https:\/\/unikateria-schongau.de\/?product=erdbeerset-bestehend-aus-muetze-und-schuehchen","title":{"rendered":"Erdbeerset bestehend aus M\u00fctze und Sch\u00fchchen"},"content":{"rendered":"<p>Dieses s\u00fcsse Set besteht aus, einer gestrickten Erdbeerm\u00fctze aus aus 100% Baumwolle,<\/p>\n<p>Kopfumfang 40 &#8211; 43 cm<br \/>\n24\u20ac<\/p>\n<p>Und aus geh\u00e4kelten Erdbeersch\u00fchchen, Gr\u00f6\u00dfe 2 &#8211; 8 Monate<br \/>\n15\u20ac<br \/>\nMit viel Liebe gestrickt und geh\u00e4kelt!<\/p>\n","protected":false},"excerpt":{"rendered":"<p class=\"excerpt\">\n<ul>\n<li>Erdbeer Set<\/li>\n<li>Erdbeerm\u00fctze<\/li>\n<li>Erdbeersch\u00fchchen<\/li>\n<li>Babysch\u00fchchen<\/li>\n<li>Baumwolle<\/li>\n<li>Kleinserie<\/li>\n<li>Waschbar bei 30 Grad<\/li>\n<\/ul>\n<p> <a href=\"https:\/\/unikateria-schongau.de\/?product=erdbeerset-bestehend-aus-muetze-und-schuehchen\">Read more &rarr;<\/a><\/p>\n","protected":false},"featured_media":906,"comment_status":"open","ping_status":"closed","template":"","meta":{"jetpack_publicize_message":"","jetpack_publicize_feature_enabled":true,"jetpack_social_post_already_shared":true,"jetpack_social_options":{"image_generator_settings":{"template":"highway","default_image_id":0,"font":"","enabled":false},"version":2}},"product_brand":[],"product_cat":[71,21],"product_tag":[48,72],"class_list":{"0":"post-929","1":"product","2":"type-product","3":"status-publish","4":"has-post-thumbnail","6":"product_cat-babyschuhe","7":"product_cat-muetzen-2","8":"product_tag-erdbeere","9":"product_tag-schuehchen","10":"product_shipping_class-kleines","11":"xfolkentry","13":"first","14":"instock","15":"sold-individually","16":"taxable","17":"shipping-taxable","18":"purchasable","19":"product-type-simple"},"jetpack_publicize_connections":[],"jetpack_sharing_enabled":true,"_links":{"self":[{"href":"https:\/\/unikateria-schongau.de\/index.php?rest_route=\/wp\/v2\/product\/929","targetHints":{"allow":["GET"]}}],"collection":[{"href":"https:\/\/unikateria-schongau.de\/index.php?rest_route=\/wp\/v2\/product"}],"about":[{"href":"https:\/\/unikateria-schongau.de\/index.php?rest_route=\/wp\/v2\/types\/product"}],"replies":[{"embeddable":true,"href":"https:\/\/unikateria-schongau.de\/index.php?rest_route=%2Fwp%2Fv2%2Fcomments&post=929"}],"wp:featuredmedia":[{"embeddable":true,"href":"https:\/\/unikateria-schongau.de\/index.php?rest_route=\/wp\/v2\/media\/906"}],"wp:attachment":[{"href":"https:\/\/unikateria-schongau.de\/index.php?rest_route=%2Fwp%2Fv2%2Fmedia&parent=929"}],"wp:term":[{"taxonomy":"product_brand","embeddable":true,"href":"https:\/\/unikateria-schongau.de\/index.php?rest_route=%2Fwp%2Fv2%2Fproduct_brand&post=929"},{"taxonomy":"product_cat","embeddable":true,"href":"https:\/\/unikateria-schongau.de\/index.php?rest_route=%2Fwp%2Fv2%2Fproduct_cat&post=929"},{"taxonomy":"product_tag","embeddable":true,"href":"https:\/\/unikateria-schongau.de\/index.php?rest_route=%2Fwp%2Fv2%2Fproduct_tag&post=929"}],"curies":[{"name":"wp","href":"https:\/\/api.w.org\/{rel}","templated":true}]}}